{"id":30,"date":"2026-02-22T08:19:30","date_gmt":"2026-02-22T08:19:30","guid":{"rendered":"https:\/\/pdpodcetrtek.si\/?page_id=30"},"modified":"2026-02-22T16:38:58","modified_gmt":"2026-02-22T16:38:58","slug":"planinsko-drustvo-atomske-toplice-podcetrtek","status":"publish","type":"page","link":"https:\/\/pdpodcetrtek.si\/","title":{"rendered":"PLANINSKO DRU\u0160TVO ATOMSKE TOPLICE POD\u010cETRTEK"},"content":{"rendered":"\n<div class=\"wp-block-media-text is-stacked-on-mobile\" style=\"grid-template-columns:42% auto\"><figure class=\"wp-block-media-text__media\"><img loading=\"lazy\" decoding=\"async\" width=\"1920\" height=\"2560\" src=\"https:\/\/pdpodcetrtek.si\/wp-content\/uploads\/2026\/02\/IMG_20241008_154115-scaled.jpg\" alt=\"\" class=\"wp-image-31 size-full\" srcset=\"https:\/\/pdpodcetrtek.si\/wp-content\/uploads\/2026\/02\/IMG_20241008_154115-scaled.jpg 1920w, https:\/\/pdpodcetrtek.si\/wp-content\/uploads\/2026\/02\/IMG_20241008_154115-225x300.jpg 225w, https:\/\/pdpodcetrtek.si\/wp-content\/uploads\/2026\/02\/IMG_20241008_154115-768x1024.jpg 768w, https:\/\/pdpodcetrtek.si\/wp-content\/uploads\/2026\/02\/IMG_20241008_154115-1152x1536.jpg 1152w, https:\/\/pdpodcetrtek.si\/wp-content\/uploads\/2026\/02\/IMG_20241008_154115-1536x2048.jpg 1536w\" sizes=\"auto, (max-width: 1920px) 100vw, 1920px\" \/><\/figure><div class=\"wp-block-media-text__content\">\n<p class=\"has-black-color has-text-color has-link-color has-medium-font-size wp-elements-1bd49a48605d1cb88bfaa04bc4e4dbe1\">Planinsko dru\u0161tvo Atomske toplice Pod\u010detrtek je del velike dru\u017eine Planinske zveze Slovenije (PZS) in \u017ee vrsto let povezuje ljubitelje gora, narave in aktivnega \u017eivljenjskega sloga. Na\u0161e dru\u0161tvo zdru\u017euje ljudi vseh generacij, ki jih povezuje veselje do gibanja, raziskovanja narave in dru\u017eenja. <\/p>\n\n\n\n<p class=\"has-black-color has-text-color has-link-color has-medium-font-size wp-elements-8cde367a7a55e785795a07ae8a82a2c8\">Vabimo vas, da postanete del na\u0161e planinske dru\u017eine in skupaj z nami do\u017eivite lepote gora, narave in pristnega planinskega prijateljstva skozi pohode, plezanje, ferate in dejavnosti Planinskega u\u010dnega centra. Z nami boste aktivno pre\u017eivljali prosti \u010das, \u0161irili svoje znanje in ustvarjali nepozabne spomine v dobri dru\u017ebi.<\/p>\n\n\n\n<figure class=\"wp-block-gallery has-nested-images columns-default is-cropped wp-block-gallery-1 is-layout-flex wp-block-gallery-is-layout-flex\">\n<figure class=\"wp-block-image size-large\"><img loading=\"lazy\" decoding=\"async\" width=\"1024\" height=\"501\" data-id=\"137\" src=\"https:\/\/pdpodcetrtek.si\/wp-content\/uploads\/2026\/02\/pd-1024x501.png\" alt=\"\" class=\"wp-image-137\" srcset=\"https:\/\/pdpodcetrtek.si\/wp-content\/uploads\/2026\/02\/pd-1024x501.png 1024w, https:\/\/pdpodcetrtek.si\/wp-content\/uploads\/2026\/02\/pd-300x147.png 300w, https:\/\/pdpodcetrtek.si\/wp-content\/uploads\/2026\/02\/pd-768x376.png 768w, https:\/\/pdpodcetrtek.si\/wp-content\/uploads\/2026\/02\/pd.png 1105w\" sizes=\"auto, (max-width: 1024px) 100vw, 1024px\" \/><\/figure>\n<\/figure>\n<\/div><\/div>\n","protected":false},"excerpt":{"rendered":"","protected":false},"author":2,"featured_media":0,"parent":0,"menu_order":0,"comment_status":"closed","ping_status":"closed","template":"","meta":{"footnotes":""},"class_list":["post-30","page","type-page","status-publish","hentry"],"_links":{"self":[{"href":"https:\/\/pdpodcetrtek.si\/index.php\/wp-json\/wp\/v2\/pages\/30","targetHints":{"allow":["GET"]}}],"collection":[{"href":"https:\/\/pdpodcetrtek.si\/index.php\/wp-json\/wp\/v2\/pages"}],"about":[{"href":"https:\/\/pdpodcetrtek.si\/index.php\/wp-json\/wp\/v2\/types\/page"}],"author":[{"embeddable":true,"href":"https:\/\/pdpodcetrtek.si\/index.php\/wp-json\/wp\/v2\/users\/2"}],"replies":[{"embeddable":true,"href":"https:\/\/pdpodcetrtek.si\/index.php\/wp-json\/wp\/v2\/comments?post=30"}],"version-history":[{"count":20,"href":"https:\/\/pdpodcetrtek.si\/index.php\/wp-json\/wp\/v2\/pages\/30\/revisions"}],"predecessor-version":[{"id":156,"href":"https:\/\/pdpodcetrtek.si\/index.php\/wp-json\/wp\/v2\/pages\/30\/revisions\/156"}],"wp:attachment":[{"href":"https:\/\/pdpodcetrtek.si\/index.php\/wp-json\/wp\/v2\/media?parent=30"}],"curies":[{"name":"wp","href":"https:\/\/api.w.org\/{rel}","templated":true}]}}