{"id":43,"date":"2026-02-22T10:57:13","date_gmt":"2026-02-22T10:57:13","guid":{"rendered":"https:\/\/pdpodcetrtek.si\/?page_id=43"},"modified":"2026-03-03T18:13:29","modified_gmt":"2026-03-03T18:13:29","slug":"zakaj-postati-clan-planinskega-drustva-atomske-toplice-podcetrtek","status":"publish","type":"page","link":"https:\/\/pdpodcetrtek.si\/index.php\/zakaj-postati-clan-planinskega-drustva-atomske-toplice-podcetrtek\/","title":{"rendered":"Zakaj postati \u010dlan Planinskega dru\u0161tva Atomske toplice Pod\u010detrtek?"},"content":{"rendered":"\n<p class=\"has-black-color has-text-color has-link-color has-medium-font-size wp-elements-fc27fc6e8a0432a5aeb43bade240c971\">Planinsko dru\u0161tvo Atomske toplice Pod\u010detrtek je del velike dru\u017eine Planinske zveze Slovenije (PZS) in \u017ee vrsto let povezuje ljubitelje gora, narave in aktivnega \u017eivljenjskega sloga. Na\u0161e dru\u0161tvo zdru\u017euje ljudi vseh generacij, ki jih povezuje veselje do gibanja, raziskovanja narave in dru\u017eenja.<\/p>\n\n\n\n<p class=\"has-black-color has-text-color has-link-color has-medium-font-size wp-elements-757d0a8d003ea5d1c1fdbddd60298d8a\">Kot \u010dlan dru\u0161tva se lahko udele\u017eujete organiziranih pohodov, izletov in planinskih tur po Sloveniji in tujini ter razli\u010dnih dejavnosti v naravi. Dru\u0161tvo ponuja \u0161tevilne mo\u017enosti za rekreacijo, kot so pohodni\u0161tvo, \u0161portno in rekreativno plezanje, uporaba plezalnih sten, obisk ferat ter sodelovanje v dejavnostih Planinskega u\u010dnega centra. Programi so primerni za vse starostne skupine in stopnje telesne pripravljenosti.<\/p>\n\n\n\n<p class=\"has-black-color has-text-color has-link-color has-medium-font-size wp-elements-31da6aa7a1a1fae206890eaa4c238887\">Z v\u010dlanitvijo postanete tudi \u010dlan Planinske zveze Slovenije, kar vam prina\u0161a \u0161tevilne ugodnosti. Med njimi so nezgodno zavarovanje, ugodnosti v planinskih ko\u010dah, popusti pri nakupu planinske opreme.<\/p>\n\n\n\n<p class=\"has-black-color has-text-color has-link-color has-medium-font-size wp-elements-22c6882b0c484a9276aaf523aa19246d\">\u010clanstvo v dru\u0161tvu vam omogo\u010da prijetno dru\u017eenje, sklepanje novih prijateljstev in sodelovanje v pozitivnem okolju. Poleg tega dru\u0161tvo skrbi za izobra\u017eevanje svojih \u010dlanov o varnem gibanju v gorah, pravilni uporabi opreme, orientaciji, varovanju narave, u\u010denju plezanja ter dejavnostih v Planinskem u\u010dnem centru, s \u010dimer prispeva k ve\u010dji varnosti in odgovornemu ravnanju.<\/p>\n\n\n\n<p class=\"has-black-color has-text-color has-link-color has-medium-font-size wp-elements-c368426f61e7eee4da0ae6e25ca952be\">Pomembna prednost \u010dlanstva je tudi mo\u017enost izposoje dru\u0161tvene opreme, kar \u010dlanom olaj\u0161a udele\u017ebo na pohodih, plezalnih dejavnostih in drugih organiziranih aktivnostih ter zmanj\u0161a stro\u0161ke lastne opreme.<\/p>\n\n\n\n<p class=\"has-black-color has-text-color has-link-color has-medium-font-size wp-elements-1307be8dbfd8a5b3182a1c5d99ea156b\">S \u010dlanstvom aktivno prispevate k ohranjanju planinskih poti, razvoju planinske kulture in varovanju naravne dedi\u0161\u010dine. Postanete del bogate tradicije slovenskega planinstva, ki jo \u017ee desetletja soustvarjajo generacije ljubiteljev gora.<\/p>\n\n\n\n<p class=\"has-black-color has-text-color has-link-color has-medium-font-size wp-elements-8eab4cd90ca0d8a9ae440583b22f8a95\">V na\u0161e dru\u0161tvo se lahko v\u010dlanite neposredno preko nas:<\/p>\n\n\n\n<p class=\"has-black-color has-text-color has-background has-link-color has-medium-font-size wp-elements-a0ce99d7c76fb143cb60cffe653346cb\" style=\"background-color:#dcdfe3\">Po\u0161ljete nam sporo\u010dilo po elektronski po\u0161ti:&nbsp;<strong>pdpodcetrtek@gmail.com<\/strong><br>Pokli\u010dete nas na telefonsko \u0161tevilko:&nbsp;<strong>031 611 093<\/strong><br><\/p>\n\n\n\n<p class=\"has-black-color has-text-color has-background has-link-color has-medium-font-size wp-elements-d4aa4a5207be8dc0d0d2abfd70f4f032\" style=\"background-color:#dcdfe3\">Osebno nas lahko obi\u0161\u010dete na naslovu:                                                                              <strong>Planinski dom Pod\u010detrtek<\/strong><br><strong>Tr\u0161ka cesta 83<br>3254 Pod\u010detrtek<\/strong><\/p>\n\n\n\n<p class=\"has-black-color has-text-color has-background has-link-color has-medium-font-size wp-elements-113467358b3931f4c6460d470e710aa7\" style=\"background-color:#dcdfe3\">ali preko spletne strani Planinske zveze Slovenije, kjer je omogo\u010deno tudi spletno pla\u010dilo.\u00a0 <strong><a href=\"https:\/\/clanarina.pzs.si\/?utm_source=chatgpt.com\" target=\"_blank\" rel=\"noreferrer noopener\">https:\/\/clanarina.pzs.si<\/a><\/strong> Na spletni strani lahko izberete na\u0161o dru\u0161tvo in poravnate \u010dlanarino enostavno z uporabo pla\u010dilnih kartic (Mastercard, Visa), preko sistema PayPal ali VAL\u00da\/Moneta.<\/p>\n\n\n\n<p class=\"has-black-color has-text-color has-link-color has-medium-font-size wp-elements-08ebf12e59899b2a00af95a7dd96303e\"><strong>Cenik \u010dlanarine 2026<\/strong><\/p>\n\n\n\n<ul class=\"wp-block-list\">\n<li class=\"has-black-color has-text-color has-link-color wp-elements-60135ff53bb9c13296dfa676317317ca\"><strong>A<\/strong>&nbsp;\u2013 odrasla oseba (najve\u010d ugodnosti):&nbsp;<strong>72,00 \u20ac<\/strong><\/li>\n\n\n\n<li class=\"has-black-color has-text-color has-link-color wp-elements-99543ffe0cf7003d695024bbe80fb213\"><strong>A\/d<\/strong>&nbsp;\u2013 A s popustom (dru\u017einski):&nbsp;<strong>65,00 \u20ac<\/strong><\/li>\n\n\n\n<li class=\"has-black-color has-text-color has-link-color wp-elements-5e39e685d7ba5ccdd8246a7c591c26c7\"><strong>B<\/strong>&nbsp;\u2013 odrasla oseba (osnovne ugodnosti):&nbsp;<strong>35,00 \u20ac<\/strong><\/li>\n\n\n\n<li class=\"has-black-color has-text-color has-link-color wp-elements-6ba0d69ce458cc4d6d7d7818bd409c54\"><strong>B\/d<\/strong>&nbsp;\u2013 B s popustom (dru\u017einski):&nbsp;<strong>28,00 \u20ac<\/strong><\/li>\n\n\n\n<li class=\"has-black-color has-text-color has-link-color wp-elements-27607009eb7ef068e2d3a265403301e2\"><strong>B1<\/strong>&nbsp;\u2013 starej\u0161i od 65 let:&nbsp;<strong>26,00 \u20ac<\/strong><\/li>\n\n\n\n<li class=\"has-black-color has-text-color has-link-color wp-elements-b5e7c22389787dbb9b55d34e4c3994fe\"><strong>S+\u0160<\/strong>&nbsp;\u2013 srednje\u0161olec ali \u0161tudent do 26. leta:&nbsp;<strong>23,00 \u20ac<\/strong><\/li>\n\n\n\n<li class=\"has-black-color has-text-color has-link-color wp-elements-2f54b9476808669485be9a78dd75aa83\"><strong>S+\u0160\/d<\/strong>&nbsp;\u2013 S+\u0160 s popustom (dru\u017einski):&nbsp;<strong>18,40 \u20ac<\/strong><\/li>\n\n\n\n<li class=\"has-black-color has-text-color has-link-color wp-elements-e905bf1ec2b5a7dc16d57c0eb87e74fb\"><strong>P+O<\/strong>&nbsp;\u2013 otrok pred\u0161olski ali osnovno\u0161olski:&nbsp;<strong>12,00 \u20ac<\/strong><\/li>\n\n\n\n<li class=\"has-black-color has-text-color has-link-color wp-elements-cddd89de75555e514dde0586044cfda8\"><strong>P+O\/d<\/strong>&nbsp;\u2013 P+O s popustom (dru\u017einski):&nbsp;<strong>9,60 \u20ac<\/strong><\/li>\n\n\n\n<li class=\"has-black-color has-text-color has-link-color wp-elements-b2fd7416182c85a3649c68686fb94073\"><strong>IN<\/strong>&nbsp;\u2013 oseba s posebnimi potrebami (brez zavarovanja):&nbsp;<strong>10,00 \u20ac<\/strong><\/li>\n<\/ul>\n\n\n\n<p class=\"has-black-color has-text-color has-link-color has-medium-font-size wp-elements-8cde367a7a55e785795a07ae8a82a2c8\">Vabimo vas, da postanete del na\u0161e planinske dru\u017eine in skupaj z nami do\u017eivite lepote gora, narave in pristnega planinskega prijateljstva skozi pohode, plezanje, ferate in dejavnosti Planinskega u\u010dnega centra. Z nami boste aktivno pre\u017eivljali prosti \u010das, \u0161irili svoje znanje in ustvarjali nepozabne spomine v dobri dru\u017ebi.<\/p>\n","protected":false},"excerpt":{"rendered":"<p>Planinsko dru\u0161tvo Atomske toplice Pod\u010detrtek je del velike dru\u017eine Planinske zveze Slovenije (PZS) in \u017ee vrsto let povezuje ljubitelje gora, narave in aktivnega \u017eivljenjskega sloga. Na\u0161e dru\u0161tvo zdru\u017euje ljudi vseh generacij, ki jih povezuje veselje do gibanja, raziskovanja narave in dru\u017eenja. Kot \u010dlan dru\u0161tva se lahko udele\u017eujete organiziranih pohodov, izletov in planinskih tur po Sloveniji&#8230;<\/p>\n","protected":false},"author":2,"featured_media":0,"parent":0,"menu_order":0,"comment_status":"closed","ping_status":"closed","template":"","meta":{"footnotes":""},"class_list":["post-43","page","type-page","status-publish","hentry"],"_links":{"self":[{"href":"https:\/\/pdpodcetrtek.si\/index.php\/wp-json\/wp\/v2\/pages\/43","targetHints":{"allow":["GET"]}}],"collection":[{"href":"https:\/\/pdpodcetrtek.si\/index.php\/wp-json\/wp\/v2\/pages"}],"about":[{"href":"https:\/\/pdpodcetrtek.si\/index.php\/wp-json\/wp\/v2\/types\/page"}],"author":[{"embeddable":true,"href":"https:\/\/pdpodcetrtek.si\/index.php\/wp-json\/wp\/v2\/users\/2"}],"replies":[{"embeddable":true,"href":"https:\/\/pdpodcetrtek.si\/index.php\/wp-json\/wp\/v2\/comments?post=43"}],"version-history":[{"count":3,"href":"https:\/\/pdpodcetrtek.si\/index.php\/wp-json\/wp\/v2\/pages\/43\/revisions"}],"predecessor-version":[{"id":210,"href":"https:\/\/pdpodcetrtek.si\/index.php\/wp-json\/wp\/v2\/pages\/43\/revisions\/210"}],"wp:attachment":[{"href":"https:\/\/pdpodcetrtek.si\/index.php\/wp-json\/wp\/v2\/media?parent=43"}],"curies":[{"name":"wp","href":"https:\/\/api.w.org\/{rel}","templated":true}]}}