{"id":46,"date":"2026-02-22T13:59:50","date_gmt":"2026-02-22T13:59:50","guid":{"rendered":"https:\/\/pdpodcetrtek.si\/?page_id=46"},"modified":"2026-03-08T17:58:22","modified_gmt":"2026-03-08T17:58:22","slug":"organi-drustva","status":"publish","type":"page","link":"https:\/\/pdpodcetrtek.si\/index.php\/organi-drustva\/","title":{"rendered":"Organi dru\u0161tva"},"content":{"rendered":"\n<p class=\"has-black-color has-cyan-bluish-gray-background-color has-text-color has-background has-link-color has-medium-font-size wp-elements-f266af191e7de6cae5c441c587ae84d4\"><strong>Upravni odbor: <\/strong><\/p>\n\n\n\n<p class=\"has-black-color has-text-color has-link-color wp-elements-9bfc72bd2af17eaf4db8de3ec1aa6151\"><strong>Predsednik dru\u0161tva:<\/strong>&nbsp;Gregor Ogrizek<\/p>\n\n\n\n<p class=\"has-black-color has-text-color has-link-color wp-elements-b5d33a10727ae5e8ba8ddeb539f05d4f\"><strong>Podpredsednik dru\u0161tva:<\/strong>&nbsp;Ivan \u0160alamon<\/p>\n\n\n\n<p class=\"has-black-color has-text-color has-link-color wp-elements-ddbcb7d618f790a859061dfe60aea00c\"><strong>Tajnica:<\/strong>&nbsp;Barbara \u0160korjanc<\/p>\n\n\n\n<p class=\"has-black-color has-text-color has-link-color wp-elements-e257deba939760937faa4d8200a96bd4\"><strong>Blagajnik:<\/strong>\u00a0Slavica Verk Ogrizek<\/p>\n\n\n\n<p class=\"has-black-color has-text-color has-link-color wp-elements-0f1c44bd267088e7f79bed69bdb44bfd\"><strong>Vodni\u0161ki odsek:<\/strong>&nbsp;Cvetka \u0160alamon<\/p>\n\n\n\n<p class=\"has-black-color has-text-color has-link-color wp-elements-b0da3b19d2d55cf96f467f6e20c566a4\"><strong>Odsek \u0161portnega plezanja:<\/strong>\u00a0David Ogrizek<\/p>\n\n\n\n<p class=\"has-black-color has-text-color has-link-color wp-elements-7cff466736cc323a892a9a849133e635\"><strong>Markacijski odsek:<\/strong>\u00a0Albin Volav\u0161ek<\/p>\n\n\n\n<p class=\"has-black-color has-text-color has-link-color wp-elements-5188ec1dc623451ba5a5e1a93f9fa847\"><strong>Mladinski odsek:<\/strong>\u00a0Filip Ogrizek<\/p>\n\n\n\n<p class=\"has-black-color has-text-color has-link-color wp-elements-a217342abcb76c4a92be7fd0bfe7adf3\"><strong>Turno kolesarski odsek:<\/strong>\u00a0Janez \u0160tancer<\/p>\n\n\n\n<p class=\"has-black-color has-text-color has-link-color wp-elements-62e3eb0bb6ad13184d3e028713e3e254\"><strong>Predstavnik sekcij:<\/strong>&nbsp;Primo\u017e Hostnik<\/p>\n\n\n\n<p class=\"has-black-color has-cyan-bluish-gray-background-color has-text-color has-background has-link-color has-medium-font-size wp-elements-889b2c4555642514c8b0e115a6a0e370\"><strong>Nadzorni odbor <\/strong><\/p>\n\n\n\n<p class=\"has-black-color has-text-color has-link-color wp-elements-e406cb122a7e1436a7ec79edbd9a1aa7\"><strong>Predsednik:<\/strong>&nbsp;Vinko \u0160travs<\/p>\n\n\n\n<p class=\"has-black-color has-text-color has-link-color wp-elements-cd242e25c6b92b1abbaaf1dfbbed0b21\"><strong>\u010clan:<\/strong>\u00a0Franc Kunst<\/p>\n\n\n\n<p class=\"has-black-color has-text-color has-link-color wp-elements-33316a4646d17fbde7dd116b13287e57\"><strong>\u010clan:<\/strong>&nbsp;Lidija Ogrizek<\/p>\n\n\n\n<p class=\"has-black-color has-cyan-bluish-gray-background-color has-text-color has-background has-link-color has-medium-font-size wp-elements-b01d953059bb68df632a8b6374f486e5\"><strong>\u010castno razsodi\u0161\u010de<\/strong><\/p>\n\n\n\n<p class=\"has-black-color has-text-color has-link-color wp-elements-c0c1b195cc85dce2d0c75e68a77a63c4\"><strong>Predsednik:<\/strong>\u00a0Hermina Ogrizek Hostnik<\/p>\n\n\n\n<p class=\"has-black-color has-text-color has-link-color wp-elements-6fae0fb3303b9d310aac3002ee275fe6\"><strong>\u010clan:<\/strong>\u00a0Ines \u0160tancer<\/p>\n\n\n\n<p class=\"has-black-color has-text-color has-link-color wp-elements-4a7cbbaf5892554f0f862541bb06e202\"><strong>\u010clan:<\/strong>&nbsp;Bojan Ogrizek<\/p>\n\n\n\n<p class=\"has-black-color has-cyan-bluish-gray-background-color has-text-color has-background has-link-color has-medium-font-size wp-elements-76769a8daa9947e20c9da756fb12f293\"><strong>Prapor\u0161\u010dak \/ zastavono\u0161a<\/strong><\/p>\n\n\n\n<ul class=\"wp-block-list\">\n<li class=\"has-black-color has-text-color has-link-color wp-elements-3eb01d8fc1742d5f0a73abb2c9d7abbf\">Franc Kunst<\/li>\n\n\n\n<li class=\"has-black-color has-text-color has-link-color wp-elements-41d1182dcacae808a0cbb9daad86b35f\">Vinko \u0160travs<\/li>\n\n\n\n<li>Albin Volov\u0161ek<\/li>\n\n\n\n<li>Bojan Ogrizek<\/li>\n<\/ul>\n\n\n\n<p><\/p>\n","protected":false},"excerpt":{"rendered":"<p>Upravni odbor: Predsednik dru\u0161tva:&nbsp;Gregor Ogrizek Podpredsednik dru\u0161tva:&nbsp;Ivan \u0160alamon Tajnica:&nbsp;Barbara \u0160korjanc Blagajnik:\u00a0Slavica Verk Ogrizek Vodni\u0161ki odsek:&nbsp;Cvetka \u0160alamon Odsek \u0161portnega plezanja:\u00a0David Ogrizek Markacijski odsek:\u00a0Albin Volav\u0161ek Mladinski odsek:\u00a0Filip Ogrizek Turno kolesarski odsek:\u00a0Janez \u0160tancer Predstavnik sekcij:&nbsp;Primo\u017e Hostnik Nadzorni odbor Predsednik:&nbsp;Vinko \u0160travs \u010clan:\u00a0Franc Kunst \u010clan:&nbsp;Lidija Ogrizek \u010castno razsodi\u0161\u010de Predsednik:\u00a0Hermina Ogrizek Hostnik \u010clan:\u00a0Ines \u0160tancer \u010clan:&nbsp;Bojan Ogrizek Prapor\u0161\u010dak \/ zastavono\u0161a<\/p>\n","protected":false},"author":2,"featured_media":0,"parent":0,"menu_order":0,"comment_status":"closed","ping_status":"closed","template":"","meta":{"footnotes":""},"class_list":["post-46","page","type-page","status-publish","hentry"],"_links":{"self":[{"href":"https:\/\/pdpodcetrtek.si\/index.php\/wp-json\/wp\/v2\/pages\/46","targetHints":{"allow":["GET"]}}],"collection":[{"href":"https:\/\/pdpodcetrtek.si\/index.php\/wp-json\/wp\/v2\/pages"}],"about":[{"href":"https:\/\/pdpodcetrtek.si\/index.php\/wp-json\/wp\/v2\/types\/page"}],"author":[{"embeddable":true,"href":"https:\/\/pdpodcetrtek.si\/index.php\/wp-json\/wp\/v2\/users\/2"}],"replies":[{"embeddable":true,"href":"https:\/\/pdpodcetrtek.si\/index.php\/wp-json\/wp\/v2\/comments?post=46"}],"version-history":[{"count":3,"href":"https:\/\/pdpodcetrtek.si\/index.php\/wp-json\/wp\/v2\/pages\/46\/revisions"}],"predecessor-version":[{"id":216,"href":"https:\/\/pdpodcetrtek.si\/index.php\/wp-json\/wp\/v2\/pages\/46\/revisions\/216"}],"wp:attachment":[{"href":"https:\/\/pdpodcetrtek.si\/index.php\/wp-json\/wp\/v2\/media?parent=46"}],"curies":[{"name":"wp","href":"https:\/\/api.w.org\/{rel}","templated":true}]}}