{"id":57,"date":"2026-02-22T14:08:31","date_gmt":"2026-02-22T14:08:31","guid":{"rendered":"https:\/\/pdpodcetrtek.si\/?page_id=57"},"modified":"2026-04-13T15:18:50","modified_gmt":"2026-04-13T15:18:50","slug":"otvoritev-ucnega-centra","status":"publish","type":"page","link":"https:\/\/pdpodcetrtek.si\/index.php\/otvoritev-ucnega-centra\/","title":{"rendered":"OTVORITEV U\u010cNEGA CENTRA"},"content":{"rendered":"<div class=\"wp-block-image\">\n<figure class=\"aligncenter size-large is-resized\"><img loading=\"lazy\" decoding=\"async\" width=\"724\" height=\"1024\" src=\"https:\/\/pdpodcetrtek.si\/wp-content\/uploads\/2026\/04\/image-1-724x1024.png\" alt=\"\" class=\"wp-image-440\" style=\"width:527px;height:auto\" srcset=\"https:\/\/pdpodcetrtek.si\/wp-content\/uploads\/2026\/04\/image-1-724x1024.png 724w, https:\/\/pdpodcetrtek.si\/wp-content\/uploads\/2026\/04\/image-1-212x300.png 212w, https:\/\/pdpodcetrtek.si\/wp-content\/uploads\/2026\/04\/image-1-768x1087.png 768w, https:\/\/pdpodcetrtek.si\/wp-content\/uploads\/2026\/04\/image-1.png 795w\" sizes=\"auto, (max-width: 724px) 100vw, 724px\" \/><\/figure>\n<\/div>\n\n\n<p><strong>VABILO NA SLAVNOSTNO OTVORITEV<br>PLANINSKEGA U\u010cNEGA CENTRA POD\u010cETRTEK<\/strong><\/p>\n\n\n\n<p>Vljudno vas vabimo na slavnostno otvoritev&nbsp;<strong>Planinskega u\u010dnega centra Pod\u010detrtek<\/strong>, <\/p>\n\n\n\n<p><strong>ki bo v \u010detrtek, 16. 04. 2026, ob 17.00 uri pri Gradu Pod\u010detrtek.<\/strong><\/p>\n\n\n\n<p>V Pod\u010detrtku smo ustvarili nov prostor za gibanje, u\u010denje in do\u017eivetja v naravi. Planinski u\u010dni center je namenjen tako doma\u010dinom kot obiskovalcem, vsem generacijam \u2013 od najmlaj\u0161ih do starej\u0161ih.<\/p>\n\n\n\n<p>Center vklju\u010duje:<\/p>\n\n\n\n<ul class=\"wp-block-list\">\n<li>planinsko u\u010dno pot,<\/li>\n\n\n\n<li>planinsko zahtevno pot,<\/li>\n\n\n\n<li>naravno plezalno steno,<\/li>\n\n\n\n<li>dve u\u010dni ferati,<\/li>\n<\/ul>\n\n\n\n<p>vse v neposredni bli\u017eini Gradu Pod\u010detrtek.<\/p>\n\n\n\n<p>Program otvoritve se bo za\u010del s predstavitvijo projekta, nato pa vas vabimo, da se skupaj z nami podate na ogled poti in spoznate posamezne elemente centra.<\/p>\n\n\n\n<p>Po ogledu sledi pogostitev in dru\u017eenje.<\/p>\n\n\n\n<p>Prosimo, da imate s seboj primerno obutev in obla\u010dila za gibanje po terenu.<\/p>\n\n\n\n<p><strong>Organizator:<\/strong><br>Planinsko dru\u0161tvo Atomske toplice Pod\u010detrtek<\/p>\n\n\n\n<p>V primeru slabega vremena se program izvede v Inkubatorju Pod\u010detrtek.<\/p>\n\n\n\n<p>Veselimo se va\u0161e udele\u017ebe!<\/p>\n\n\n\n<p><\/p>\n","protected":false},"excerpt":{"rendered":"<p>VABILO NA SLAVNOSTNO OTVORITEVPLANINSKEGA U\u010cNEGA CENTRA POD\u010cETRTEK Vljudno vas vabimo na slavnostno otvoritev&nbsp;Planinskega u\u010dnega centra Pod\u010detrtek, ki bo v \u010detrtek, 16. 04. 2026, ob 17.00 uri pri Gradu Pod\u010detrtek. V Pod\u010detrtku smo ustvarili nov prostor za gibanje, u\u010denje in do\u017eivetja v naravi. Planinski u\u010dni center je namenjen tako doma\u010dinom kot obiskovalcem, vsem generacijam \u2013 od&#8230;<\/p>\n","protected":false},"author":2,"featured_media":0,"parent":0,"menu_order":0,"comment_status":"closed","ping_status":"closed","template":"","meta":{"footnotes":""},"class_list":["post-57","page","type-page","status-publish","hentry"],"_links":{"self":[{"href":"https:\/\/pdpodcetrtek.si\/index.php\/wp-json\/wp\/v2\/pages\/57","targetHints":{"allow":["GET"]}}],"collection":[{"href":"https:\/\/pdpodcetrtek.si\/index.php\/wp-json\/wp\/v2\/pages"}],"about":[{"href":"https:\/\/pdpodcetrtek.si\/index.php\/wp-json\/wp\/v2\/types\/page"}],"author":[{"embeddable":true,"href":"https:\/\/pdpodcetrtek.si\/index.php\/wp-json\/wp\/v2\/users\/2"}],"replies":[{"embeddable":true,"href":"https:\/\/pdpodcetrtek.si\/index.php\/wp-json\/wp\/v2\/comments?post=57"}],"version-history":[{"count":5,"href":"https:\/\/pdpodcetrtek.si\/index.php\/wp-json\/wp\/v2\/pages\/57\/revisions"}],"predecessor-version":[{"id":445,"href":"https:\/\/pdpodcetrtek.si\/index.php\/wp-json\/wp\/v2\/pages\/57\/revisions\/445"}],"wp:attachment":[{"href":"https:\/\/pdpodcetrtek.si\/index.php\/wp-json\/wp\/v2\/media?parent=57"}],"curies":[{"name":"wp","href":"https:\/\/api.w.org\/{rel}","templated":true}]}}