{"id":70,"date":"2026-02-22T14:10:41","date_gmt":"2026-02-22T14:10:41","guid":{"rendered":"https:\/\/pdpodcetrtek.si\/?page_id=70"},"modified":"2026-04-13T15:42:19","modified_gmt":"2026-04-13T15:42:19","slug":"po-sloveniji","status":"publish","type":"page","link":"https:\/\/pdpodcetrtek.si\/index.php\/po-sloveniji\/","title":{"rendered":"PROGRAM 2026"},"content":{"rendered":"\n<p><strong>PROGRAM IZLETOV, POHODOV IN AKCIJ ZA LETO 2026<\/strong><\/p>\n\n\n\n<ol class=\"wp-block-list\">\n<li>2026.01.10 Pohod po poti slovenskega tolarja<\/li>\n\n\n\n<li>2026.02.14 Valentinov pohod Kozje \u2013 Ko\u010da na Bohorju \u2013 Kozje<\/li>\n\n\n\n<li>2026.02.28 Pohod po \u0160tajersko zagorski planinski poti<\/li>\n\n\n\n<li>2026.04.25 Pohod po poti \u0161tirih gradov &#8211; drugi del Kun\u0161perk \u2013 Bizeljsko<\/li>\n\n\n\n<li>2026.30.04-03.05 Planinarjenje po Caminu Krk<\/li>\n\n\n\n<li>2026.05.16 Velebit<\/li>\n\n\n\n<li>2026.05.22 Evro pohod Pod\u010detrtek \u2013 stolp \u2013 Pod\u010detrtek<\/li>\n\n\n\n<li>2026 05.23 Evro pohod \u2013 tiskovna konferenca na gradu Pod\u010detrtek<\/li>\n\n\n\n<li>2026.06.27-28 Julijske Alpe<\/li>\n\n\n\n<li>2026.07.11-12 Kamni\u0161ko savinjske Alpe<\/li>\n\n\n\n<li>2026.08.08 Pohorje<\/li>\n\n\n\n<li>2026.10.04 Pohod po kozjanskih sadovnjakih<\/li>\n\n\n\n<li>2026.11.15 Martinov pohod<\/li>\n\n\n\n<li>2026.12.26 \u0160tefanov pohod<\/li>\n<\/ol>\n\n\n\n<p><strong>PROGRAM AKTIVNOSTI POD\u010cETRTKARJEV ZA LETO 2026<\/strong><\/p>\n\n\n\n<p><strong>(Program PZS planinstvo v tretjem \u017eivljenjskem obdobju)<\/strong><\/p>\n\n\n\n<p>&nbsp;&nbsp;&nbsp;&nbsp;&nbsp;&nbsp;&nbsp;&nbsp;&nbsp;&nbsp;&nbsp;&nbsp;&nbsp;&nbsp;&nbsp; <strong>JANUAR<\/strong><\/p>\n\n\n\n<ol class=\"wp-block-list\">\n<li><strong>2026.01.15 Pohod med \u0160marjem pri Jel\u0161ah in Stranjem &#8211; <em>vlak<\/em><\/strong><\/li>\n\n\n\n<li><strong>2026.01.23 Vzpon na Hom nad Migojnicami \u2013<em> vlak<\/em><\/strong><\/li>\n\n\n\n<li>2026.01.30 Korektivna gimnastika z Cirilom Drobni\u010d<\/li>\n<\/ol>\n\n\n\n<p><strong>FEBRUAR<\/strong><\/p>\n\n\n\n<ul class=\"wp-block-list\">\n<li>2026.02.04 Korektivna gimnastika z Cirilom Drobni\u010d<\/li>\n\n\n\n<li><strong>2026.02.06 Pohod XIV. divizije Sedlarjevo \u2013 Vir\u0161tanj in&nbsp; nazaj<\/strong><\/li>\n\n\n\n<li><strong>2026.01.08 Na kulturni dan vzpon na grad Podsreda \u2013 <em>osebni avto<\/em><\/strong><\/li>\n\n\n\n<li>2026.02.11 Korektivna gimnastika z Cirilom Drobni\u010d<\/li>\n\n\n\n<li><strong>2026.02.12 Vzpon do Sv. Kunigunde na \u0160entjungertu <em>\u2013 avtobus<\/em><\/strong><\/li>\n\n\n\n<li>2026.02.18 Korektivna gimnastika z Cirilom Drobni\u010d<\/li>\n\n\n\n<li><strong>2026.02.19 Vzpon do Sv. Ur\u0161ule nad Dramljami \u2013 <em>avtobus in vlak<\/em><\/strong><\/li>\n\n\n\n<li>2026.02.25 Korektivna gimnastika z Cirilom Drobni\u010d<\/li>\n<\/ul>\n\n\n\n<p><strong>MAREC<\/strong><\/p>\n\n\n\n<ol class=\"wp-block-list\">\n<li>2026.03.04 Korektivna gimnastika z Cirilom Drobni\u010d<\/li>\n\n\n\n<li>2026.03.11 Korektivna gimnastika z Cirilom Drobni\u010d<\/li>\n\n\n\n<li><strong>2026.03.12 Polje ob Sotli &#8211; Gruska jama in nazaj \u2013 <em>osebi avto<\/em><\/strong><\/li>\n\n\n\n<li>2026.03.18 Korektivna gimnastika z Cirilom Drobni\u010d<\/li>\n\n\n\n<li>2026.03.25 Korektivna gimnastika z Cirilom Drobni\u010d<\/li>\n\n\n\n<li><strong>2026.03.26 Slovensko primorje \u2013 <em>vlak in avtobus<\/em><\/strong><\/li>\n<\/ol>\n\n\n\n<p><strong>APRIL<\/strong><\/p>\n\n\n\n<ol class=\"wp-block-list\">\n<li>2026.04.01 Korektivna gimnastika z Cirilom Drobni\u010d<\/li>\n\n\n\n<li>2026.04.08 Korektivna gimnastika z Cirilom Drobni\u010d<\/li>\n\n\n\n<li><strong>2026.04.09 Po poti XIV divizije <em>Opoka &#8211; Dramlje &#8211; avtobus<\/em><\/strong><\/li>\n\n\n\n<li>2026.04.15 Korektivna gimnastika z Cirilom Drobni\u010d<\/li>\n\n\n\n<li>2026.04.22 Korektivna gimnastika z Cirilom Drobni\u010d<\/li>\n\n\n\n<li><strong>2026.04.23 sv. Ana nad Ribnico \u2013 vlak<\/strong><\/li>\n\n\n\n<li>2026.04.29 Korektivna gimnastika z Cirilom Drobni\u010d<\/li>\n<\/ol>\n\n\n\n<p><strong>MAJ<\/strong><\/p>\n\n\n\n<ul class=\"wp-block-list\">\n<li>2026.05.06 Korektivna gimnastika z Cirilom Drobni\u010d<\/li>\n\n\n\n<li><strong>2026.05.07 Po mamini poti v \u0161olo Rudnica-Olimje &#8211; osebni avto<\/strong><\/li>\n\n\n\n<li>2026.05.13 Korektivna gimnastika z Cirilom Drobni\u010d<\/li>\n\n\n\n<li><strong>2026.05.14 Okolica Gornje Radgone \u2013 <em>vlak in avtobus<\/em><\/strong><\/li>\n\n\n\n<li>2026.05.23 Korektivna gimnastika z Cirilom Drobni\u010d<\/li>\n\n\n\n<li><strong>2026.05.21 Javorni\u0161ki Rovt \u2013 narcise <em>\u2013 vlak in avtobus<\/em><\/strong><\/li>\n\n\n\n<li>2026.05.27 Korektivna gimnastika z Cirilom Drobni\u010d<\/li>\n<\/ul>\n\n\n\n<p><strong>JUNIJ<\/strong><\/p>\n\n\n\n<ul class=\"wp-block-list\">\n<li>2026.06.03 Korektivna gimnastika z Cirilom Drobni\u010d<\/li>\n\n\n\n<li>2026.06.10 Korektivna gimnastika z Cirilom Drobni\u010d<\/li>\n\n\n\n<li><strong>2026.06.11 Trstelj \u2013 <em>vlak in avtobus<\/em><\/strong><\/li>\n\n\n\n<li>2026.06.17 Korektivna gimnastika z Cirilom Drobni\u010d<\/li>\n\n\n\n<li>2026.06.24 Korektivna gimnastika z Cirilom Drobni\u010d<\/li>\n\n\n\n<li><strong>2026.06.25 Vintgar &#8211; vlak<\/strong><\/li>\n<\/ul>\n\n\n\n<p><strong>JULIJ<\/strong><\/p>\n\n\n\n<ul class=\"wp-block-list\">\n<li><strong>2026.07.08 Kopanje na slovenski obali \u2013 <em>vlak in avtobus<\/em><\/strong><\/li>\n\n\n\n<li><strong>2026.07.22 Vogel z vzpenja\u010do \u2013 <em>Vlak in avtobus<\/em><\/strong><\/li>\n<\/ul>\n\n\n\n<p><strong>AVGUST<\/strong><\/p>\n\n\n\n<ul class=\"wp-block-list\">\n<li><strong>2026.08.06 Dvodnevni izlet v Bohinjske planine \u2013 <em>Vlak in avtobus<\/em><\/strong><\/li>\n\n\n\n<li><strong>2026.08.20 Planica in Tamar \u2013 <em>Vlak in avtobus<\/em><\/strong><\/li>\n<\/ul>\n\n\n\n<p><strong>SEPTEMBER<\/strong><\/p>\n\n\n\n<ul class=\"wp-block-list\">\n<li><strong>2026.09.03 Okolica Ko\u010devja <em>\u2013 Vlak in avtobus<\/em><\/strong><\/li>\n\n\n\n<li>2026.09.09 Korektivna gimnastika z Cirilom Drobni\u010d<\/li>\n\n\n\n<li>2026.09.16 Korektivna gimnastika z Cirilom Drobni\u010d<\/li>\n\n\n\n<li><strong>2026.09.17 Prlekija \u2013 vlak<\/strong><\/li>\n\n\n\n<li>2026.09.23 Korektivna gimnastika z Cirilom Drobni\u010d<\/li>\n\n\n\n<li>2026.09.30 Korektivna gimnastika z Cirilom Drobni\u010d<\/li>\n<\/ul>\n\n\n\n<p><strong>OKTOBER<\/strong><\/p>\n\n\n\n<ul class=\"wp-block-list\">\n<li><strong>2026.10.01 Moravske toplice \u2013 Bogojina \u2013 <em>vlak in avtobus<\/em><\/strong><\/li>\n\n\n\n<li>2026.10.07 Korektivna gimnastika z Cirilom Drobni\u010d<\/li>\n\n\n\n<li>2026.10.14 Korektivna gimnastika z Cirilom Drobni\u010d<\/li>\n\n\n\n<li><strong>2026.10.15 Mitski park Rodik \u2013 <em>vlak<\/em><\/strong><\/li>\n\n\n\n<li>2026.10.21 Korektivna gimnastika z Cirilom Drobni\u010d<\/li>\n\n\n\n<li>2026.10.28 Korektivna gimnastika z Cirilom Drobni\u010d<\/li>\n\n\n\n<li><strong>2026.10.29 Po poti tolarja \u2013 avto<\/strong><\/li>\n<\/ul>\n\n\n\n<p><strong>NOVEMBER<\/strong><\/p>\n\n\n\n<ul class=\"wp-block-list\">\n<li>2026.11.04 Korektivna gimnastika z Cirilom Drobni\u010d<\/li>\n\n\n\n<li>2026.11.11 Korektivna gimnastika z Cirilom Drobni\u010d<\/li>\n\n\n\n<li><strong>2026.11.12 Dekani \u2013 Tinjan \u2013 vlak in avtobus<\/strong><\/li>\n\n\n\n<li>2026.11.18 Korektivna gimnastika z Cirilom Drobni\u010d<\/li>\n\n\n\n<li>2026.11.25 Korektivna gimnastika z Cirilom Drobni\u010d<\/li>\n\n\n\n<li><strong>2026.11.26 Jabol\u010dna pot Podsreda \u2013 <em>osebi avto<\/em><\/strong><\/li>\n<\/ul>\n\n\n\n<p><strong>DECEMBER<\/strong><\/p>\n\n\n\n<ul class=\"wp-block-list\">\n<li>2026.12.02 Korektivna gimnastika z Cirilom Drobni\u010d<\/li>\n\n\n\n<li>2026.12.09 Korektivna gimnastika z Cirilom Drobni\u010d<\/li>\n\n\n\n<li><strong>2026.12.10 Prednovoletno sre\u010danje \u2013 <em>osebni avto<\/em><\/strong><\/li>\n\n\n\n<li>2026.12.16 Korektivna gimnastika z Cirilom Drobni\u010d<\/li>\n\n\n\n<li><strong>2026.12.17 Ogled novoletnih okrasitev \u2013<\/strong> vlak<\/li>\n\n\n\n<li>2026.12.23 Korektivna gimnastika z Cirilom Drobni\u010d<\/li>\n\n\n\n<li>2026.12.30 Korektivna gimnastika z Cirilom Drobni\u010d<\/li>\n<\/ul>\n\n\n\n<p>Program se lahko spremeni in prilagodi vremenskim razmeram.<\/p>\n\n\n\n<p><em>OPOZORILO: Aktivnosti so organizirane tudi na osnovi Zakona o spodbujanju razvoja turizma in na osnovi Zakona o \u0161portu 6. \u010dlen, 4. odstavek. S prijavo udele\u017eenec potrdi, da je seznanjen z zahtevnostjo aktivnosti &nbsp;ter izpolnjuje zdravstvene, fizi\u010dne in tehni\u010dne pogoje za varno sodelovanje na akciji. Udele\u017eenec, ki se udele\u017ei aktivnosti je dol\u017ean spo\u0161tovati navodila in odlo\u010ditve organizatorjev in vodje akcije! Aktivnosti se udele\u017eenci udele\u017eujejo na lastno odgovornost.<\/em><\/p>\n\n\n\n<p><\/p>\n","protected":false},"excerpt":{"rendered":"<p>PROGRAM IZLETOV, POHODOV IN AKCIJ ZA LETO 2026 PROGRAM AKTIVNOSTI POD\u010cETRTKARJEV ZA LETO 2026 (Program PZS planinstvo v tretjem \u017eivljenjskem obdobju) &nbsp;&nbsp;&nbsp;&nbsp;&nbsp;&nbsp;&nbsp;&nbsp;&nbsp;&nbsp;&nbsp;&nbsp;&nbsp;&nbsp;&nbsp; JANUAR FEBRUAR MAREC APRIL MAJ JUNIJ JULIJ AVGUST SEPTEMBER OKTOBER NOVEMBER DECEMBER Program se lahko spremeni in prilagodi vremenskim razmeram. OPOZORILO: Aktivnosti so organizirane tudi na osnovi Zakona o spodbujanju razvoja turizma in&#8230;<\/p>\n","protected":false},"author":2,"featured_media":0,"parent":0,"menu_order":0,"comment_status":"closed","ping_status":"closed","template":"","meta":{"footnotes":""},"class_list":["post-70","page","type-page","status-publish","hentry"],"_links":{"self":[{"href":"https:\/\/pdpodcetrtek.si\/index.php\/wp-json\/wp\/v2\/pages\/70","targetHints":{"allow":["GET"]}}],"collection":[{"href":"https:\/\/pdpodcetrtek.si\/index.php\/wp-json\/wp\/v2\/pages"}],"about":[{"href":"https:\/\/pdpodcetrtek.si\/index.php\/wp-json\/wp\/v2\/types\/page"}],"author":[{"embeddable":true,"href":"https:\/\/pdpodcetrtek.si\/index.php\/wp-json\/wp\/v2\/users\/2"}],"replies":[{"embeddable":true,"href":"https:\/\/pdpodcetrtek.si\/index.php\/wp-json\/wp\/v2\/comments?post=70"}],"version-history":[{"count":8,"href":"https:\/\/pdpodcetrtek.si\/index.php\/wp-json\/wp\/v2\/pages\/70\/revisions"}],"predecessor-version":[{"id":447,"href":"https:\/\/pdpodcetrtek.si\/index.php\/wp-json\/wp\/v2\/pages\/70\/revisions\/447"}],"wp:attachment":[{"href":"https:\/\/pdpodcetrtek.si\/index.php\/wp-json\/wp\/v2\/media?parent=70"}],"curies":[{"name":"wp","href":"https:\/\/api.w.org\/{rel}","templated":true}]}}